{"id":12679,"date":"2023-02-10T10:26:47","date_gmt":"2023-02-10T10:26:47","guid":{"rendered":"https:\/\/orioltuca.com\/quien-soy"},"modified":"2025-03-07T12:39:18","modified_gmt":"2025-03-07T12:39:18","slug":"quien-soy","status":"publish","type":"page","link":"https:\/\/orioltuca.com\/es\/quien-soy","title":{"rendered":"Qui\u00e9n soy"},"content":{"rendered":"\t\t<div data-elementor-type=\"wp-page\" data-elementor-id=\"12679\" class=\"elementor elementor-12679 elementor-8472\" data-elementor-post-type=\"page\">\n\t\t\t\t\t\t<section class=\"elementor-section elementor-top-section elementor-element elementor-element-1dadee3 elementor-section-full_width elementor-section-items-stretch margepagines elementor-section-height-min-height elementor-section-height-default qodef-elementor-content-no\" data-id=\"1dadee3\" data-element_type=\"section\" data-e-type=\"section\">\n\t\t\t\t\t\t<div class=\"elementor-container elementor-column-gap-default\">\n\t\t\t\t\t<div class=\"elementor-column elementor-col-50 elementor-top-column elementor-element elementor-element-e07e563\" data-id=\"e07e563\" data-element_type=\"column\" data-e-type=\"column\" data-settings=\"{&quot;background_background&quot;:&quot;classic&quot;}\">\n\t\t\t<div class=\"elementor-widget-wrap elementor-element-populated\">\n\t\t\t\t\t\t<div class=\"elementor-element elementor-element-d819f24 elementor-widget elementor-widget-spacer\" data-id=\"d819f24\" data-element_type=\"widget\" data-e-type=\"widget\" data-widget_type=\"spacer.default\">\n\t\t\t\t<div class=\"elementor-widget-container\">\n\t\t\t\t\t\t\t<div class=\"elementor-spacer\">\n\t\t\t<div class=\"elementor-spacer-inner\"><\/div>\n\t\t<\/div>\n\t\t\t\t\t\t<\/div>\n\t\t\t\t<\/div>\n\t\t\t\t\t<\/div>\n\t\t<\/div>\n\t\t\t\t<div class=\"elementor-column elementor-col-50 elementor-top-column elementor-element elementor-element-029e63f\" data-id=\"029e63f\" data-element_type=\"column\" data-e-type=\"column\">\n\t\t\t<div class=\"elementor-widget-wrap elementor-element-populated\">\n\t\t\t\t\t\t<div class=\"elementor-element elementor-element-7d42e93 elementor-widget elementor-widget-text-editor\" data-id=\"7d42e93\" data-element_type=\"widget\" data-e-type=\"widget\" data-widget_type=\"text-editor.default\">\n\t\t\t\t<div class=\"elementor-widget-container\">\n\t\t\t\t\t\t\t\t\t<p>Artista, Ilustrador y muralista, apuesto por una obra que incite a la reflexi\u00f3n sin ningunear el virtuosismo y la t\u00e9cnica de oficio. Tomo el dibujo como ra\u00edz para la elaboraci\u00f3n de mi obra principalmente de pintura al \u00f3leo, en grabado, como mural al espray o partiendo de t\u00e9cnicas propias de la ilustraci\u00f3n.<\/p>\n<p>Considero el concepto de belleza inseparable del arte y apuesto por el dibujo y lo figurativo como lenguaje para, en cierto modo, paliar peque\u00f1os conflictos de locura.. .como una meditaci\u00f3n palpable de los interrogantes vitales que me formulo, que nos formulamos.<\/p>\n<p>Que no var\u00edan demasiado de los mismos interrogantes de siempre, inherentes, constantes a lo largo de los a\u00f1os, humanos.<\/p>\t\t\t\t\t\t\t\t<\/div>\n\t\t\t\t<\/div>\n\t\t\t\t<div class=\"elementor-element elementor-element-3fff2c8 elementor-widget elementor-widget-text-editor\" data-id=\"3fff2c8\" data-element_type=\"widget\" data-e-type=\"widget\" data-widget_type=\"text-editor.default\">\n\t\t\t\t<div class=\"elementor-widget-container\">\n\t\t\t\t\t\t\t\t\t<p><i>\u201cAquel que indaga en su locura se convierte en sabio.\u201d<\/i><\/p>\t\t\t\t\t\t\t\t<\/div>\n\t\t\t\t<\/div>\n\t\t\t\t<div class=\"elementor-element elementor-element-23e90ec elementor-widget elementor-widget-text-editor\" data-id=\"23e90ec\" data-element_type=\"widget\" data-e-type=\"widget\" data-widget_type=\"text-editor.default\">\n\t\t\t\t<div class=\"elementor-widget-container\">\n\t\t\t\t\t\t\t\t\tWilliam Blake\t\t\t\t\t\t\t\t<\/div>\n\t\t\t\t<\/div>\n\t\t\t\t\t<\/div>\n\t\t<\/div>\n\t\t\t\t\t<\/div>\n\t\t<\/section>\n\t\t\t\t<section class=\"elementor-section elementor-top-section elementor-element elementor-element-3166242 elementor-section-full_width elementor-hidden-desktop elementor-hidden-tablet footeroriol elementor-section-height-default elementor-section-height-default qodef-elementor-content-no\" data-id=\"3166242\" data-element_type=\"section\" data-e-type=\"section\" data-settings=\"{&quot;background_background&quot;:&quot;classic&quot;}\">\n\t\t\t\t\t\t<div class=\"elementor-container elementor-column-gap-no\">\n\t\t\t\t\t<div class=\"elementor-column elementor-col-50 elementor-top-column elementor-element elementor-element-d12bb9b\" data-id=\"d12bb9b\" data-element_type=\"column\" data-e-type=\"column\">\n\t\t\t<div class=\"elementor-widget-wrap elementor-element-populated\">\n\t\t\t\t\t\t<div class=\"elementor-element elementor-element-52eb3f9 elementor-widget elementor-widget-text-editor\" data-id=\"52eb3f9\" data-element_type=\"widget\" data-e-type=\"widget\" data-widget_type=\"text-editor.default\">\n\t\t\t\t<div class=\"elementor-widget-container\">\n\t\t\t\t\t\t\t\t\t<a href=\"https:\/\/www.instagram.com\/oriol.tuca\/\" target=\"_blank\" rel=\"nofollow noreferrer noopener\">S\u00cdGUEME EN INSTAGRAM<\/a>\t\t\t\t\t\t\t\t<\/div>\n\t\t\t\t<\/div>\n\t\t\t\t\t<\/div>\n\t\t<\/div>\n\t\t\t\t<div class=\"elementor-column elementor-col-50 elementor-top-column elementor-element elementor-element-1f4dcd5\" data-id=\"1f4dcd5\" data-element_type=\"column\" data-e-type=\"column\">\n\t\t\t<div class=\"elementor-widget-wrap elementor-element-populated\">\n\t\t\t\t\t\t<div class=\"elementor-element elementor-element-2e652fd elementor-widget elementor-widget-text-editor\" data-id=\"2e652fd\" data-element_type=\"widget\" data-e-type=\"widget\" data-widget_type=\"text-editor.default\">\n\t\t\t\t<div class=\"elementor-widget-container\">\n\t\t\t\t\t\t\t\t\t<a href=\"mailto:hola@orioltuca.com\" target=\"_blank\" rel=\"nofollow noreferrer noopener\">HOLA@ORIOLTUCA.COM<\/a>\t\t\t\t\t\t\t\t<\/div>\n\t\t\t\t<\/div>\n\t\t\t\t\t<\/div>\n\t\t<\/div>\n\t\t\t\t\t<\/div>\n\t\t<\/section>\n\t\t\t\t<\/div>\n\t\t","protected":false},"excerpt":{"rendered":"<p>Artista, Ilustrador y muralista, apuesto por una obra que incite a la reflexi\u00f3n sin ningunear el virtuosismo y la t\u00e9cnica de oficio. Tomo el dibujo como ra\u00edz para la elaboraci\u00f3n de mi obra principalmente de pintura al \u00f3leo, en grabado, como mural al espray o partiendo de t\u00e9cnicas propias de la ilustraci\u00f3n. Considero el concepto [&hellip;]<\/p>\n","protected":false},"author":1,"featured_media":0,"parent":0,"menu_order":0,"comment_status":"closed","ping_status":"closed","template":"elementor_header_footer","meta":{"inline_featured_image":false,"footnotes":""},"class_list":["post-12679","page","type-page","status-publish","hentry"],"_links":{"self":[{"href":"https:\/\/orioltuca.com\/es\/wp-json\/wp\/v2\/pages\/12679","targetHints":{"allow":["GET"]}}],"collection":[{"href":"https:\/\/orioltuca.com\/es\/wp-json\/wp\/v2\/pages"}],"about":[{"href":"https:\/\/orioltuca.com\/es\/wp-json\/wp\/v2\/types\/page"}],"author":[{"embeddable":true,"href":"https:\/\/orioltuca.com\/es\/wp-json\/wp\/v2\/users\/1"}],"replies":[{"embeddable":true,"href":"https:\/\/orioltuca.com\/es\/wp-json\/wp\/v2\/comments?post=12679"}],"version-history":[{"count":1,"href":"https:\/\/orioltuca.com\/es\/wp-json\/wp\/v2\/pages\/12679\/revisions"}],"predecessor-version":[{"id":12680,"href":"https:\/\/orioltuca.com\/es\/wp-json\/wp\/v2\/pages\/12679\/revisions\/12680"}],"wp:attachment":[{"href":"https:\/\/orioltuca.com\/es\/wp-json\/wp\/v2\/media?parent=12679"}],"curies":[{"name":"wp","href":"https:\/\/api.w.org\/{rel}","templated":true}]}}