{"id":12941,"date":"2023-02-10T10:26:47","date_gmt":"2023-02-10T10:26:47","guid":{"rendered":"https:\/\/orioltuca.com\/qui-je-suis"},"modified":"2025-03-13T12:00:52","modified_gmt":"2025-03-13T12:00:52","slug":"qui-je-suis","status":"publish","type":"page","link":"https:\/\/orioltuca.com\/fr\/qui-je-suis","title":{"rendered":"Qui je suis"},"content":{"rendered":"\t\t<div data-elementor-type=\"wp-page\" data-elementor-id=\"12941\" class=\"elementor elementor-12941 elementor-8472\" data-elementor-post-type=\"page\">\n\t\t\t\t\t\t<section class=\"elementor-section elementor-top-section elementor-element elementor-element-1dadee3 elementor-section-full_width elementor-section-items-stretch margepagines elementor-section-height-min-height elementor-section-height-default qodef-elementor-content-no\" data-id=\"1dadee3\" data-element_type=\"section\" data-e-type=\"section\">\n\t\t\t\t\t\t<div class=\"elementor-container elementor-column-gap-default\">\n\t\t\t\t\t<div class=\"elementor-column elementor-col-50 elementor-top-column elementor-element elementor-element-e07e563\" data-id=\"e07e563\" data-element_type=\"column\" data-e-type=\"column\" data-settings=\"{&quot;background_background&quot;:&quot;classic&quot;}\">\n\t\t\t<div class=\"elementor-widget-wrap elementor-element-populated\">\n\t\t\t\t\t\t<div class=\"elementor-element elementor-element-d819f24 elementor-widget elementor-widget-spacer\" data-id=\"d819f24\" data-element_type=\"widget\" data-e-type=\"widget\" data-widget_type=\"spacer.default\">\n\t\t\t\t<div class=\"elementor-widget-container\">\n\t\t\t\t\t\t\t<div class=\"elementor-spacer\">\n\t\t\t<div class=\"elementor-spacer-inner\"><\/div>\n\t\t<\/div>\n\t\t\t\t\t\t<\/div>\n\t\t\t\t<\/div>\n\t\t\t\t\t<\/div>\n\t\t<\/div>\n\t\t\t\t<div class=\"elementor-column elementor-col-50 elementor-top-column elementor-element elementor-element-029e63f\" data-id=\"029e63f\" data-element_type=\"column\" data-e-type=\"column\">\n\t\t\t<div class=\"elementor-widget-wrap elementor-element-populated\">\n\t\t\t\t\t\t<div class=\"elementor-element elementor-element-7d42e93 elementor-widget elementor-widget-text-editor\" data-id=\"7d42e93\" data-element_type=\"widget\" data-e-type=\"widget\" data-widget_type=\"text-editor.default\">\n\t\t\t\t<div class=\"elementor-widget-container\">\n\t\t\t\t\t\t\t\t\t<p>Artiste, illustrateur et muraliste, j&rsquo;ai opt\u00e9 pour une \u0153uvre qui incite \u00e0 la r\u00e9flexion sans \u00e9carter la virtuosit\u00e9 et la technique du m\u00e9tier. Je prends le dessin comme base pour l&rsquo;\u00e9laboration de mon \u0153uvre principalement \u00e0 la peinture \u00e0 l&rsquo;huile, en gravure, ainsi que pour les fresques au spray ou en partant de techniques propres \u00e0 l&rsquo;illustration. <\/p>\n<p>Je consid\u00e8re le concept de beaut\u00e9 indissociable de l&rsquo;art, et j&rsquo;opte pour le dessin et le figuratif comme langage pour, d&rsquo;une certaine mani\u00e8re, pallier les petits conflits de folie, comme une m\u00e9diation palpable des interrogations vitales que je me formule, que nous nous formulons.<\/p>\n<p>Et qui ne varient pas beaucoup des interrogations de toujours, inh\u00e9rentes, constantes au cours des ann\u00e9es, humaines.<\/p>\t\t\t\t\t\t\t\t<\/div>\n\t\t\t\t<\/div>\n\t\t\t\t<div class=\"elementor-element elementor-element-3fff2c8 elementor-widget elementor-widget-text-editor\" data-id=\"3fff2c8\" data-element_type=\"widget\" data-e-type=\"widget\" data-widget_type=\"text-editor.default\">\n\t\t\t\t<div class=\"elementor-widget-container\">\n\t\t\t\t\t\t\t\t\t<p><i>Si le fou pers\u00e9v\u00e9rait dans sa folie, il rencontrerait la sagesse<\/i><\/p>\t\t\t\t\t\t\t\t<\/div>\n\t\t\t\t<\/div>\n\t\t\t\t<div class=\"elementor-element elementor-element-23e90ec elementor-widget elementor-widget-text-editor\" data-id=\"23e90ec\" data-element_type=\"widget\" data-e-type=\"widget\" data-widget_type=\"text-editor.default\">\n\t\t\t\t<div class=\"elementor-widget-container\">\n\t\t\t\t\t\t\t\t\tWilliam Blake\t\t\t\t\t\t\t\t<\/div>\n\t\t\t\t<\/div>\n\t\t\t\t\t<\/div>\n\t\t<\/div>\n\t\t\t\t\t<\/div>\n\t\t<\/section>\n\t\t\t\t<section class=\"elementor-section elementor-top-section elementor-element elementor-element-3166242 elementor-section-full_width elementor-hidden-desktop elementor-hidden-tablet footeroriol elementor-section-height-default elementor-section-height-default qodef-elementor-content-no\" data-id=\"3166242\" data-element_type=\"section\" data-e-type=\"section\" data-settings=\"{&quot;background_background&quot;:&quot;classic&quot;}\">\n\t\t\t\t\t\t<div class=\"elementor-container elementor-column-gap-no\">\n\t\t\t\t\t<div class=\"elementor-column elementor-col-50 elementor-top-column elementor-element elementor-element-d12bb9b\" data-id=\"d12bb9b\" data-element_type=\"column\" data-e-type=\"column\">\n\t\t\t<div class=\"elementor-widget-wrap elementor-element-populated\">\n\t\t\t\t\t\t<div class=\"elementor-element elementor-element-52eb3f9 elementor-widget elementor-widget-text-editor\" data-id=\"52eb3f9\" data-element_type=\"widget\" data-e-type=\"widget\" data-widget_type=\"text-editor.default\">\n\t\t\t\t<div class=\"elementor-widget-container\">\n\t\t\t\t\t\t\t\t\t<a href=\"https:\/\/www.instagram.com\/oriol.tuca\/\" target=\"_blank\" rel=\"nofollow noreferrer noopener\">SUIVEZ-MOI SUR INSTAGRAM<\/a>\t\t\t\t\t\t\t\t<\/div>\n\t\t\t\t<\/div>\n\t\t\t\t\t<\/div>\n\t\t<\/div>\n\t\t\t\t<div class=\"elementor-column elementor-col-50 elementor-top-column elementor-element elementor-element-1f4dcd5\" data-id=\"1f4dcd5\" data-element_type=\"column\" data-e-type=\"column\">\n\t\t\t<div class=\"elementor-widget-wrap elementor-element-populated\">\n\t\t\t\t\t\t<div class=\"elementor-element elementor-element-2e652fd elementor-widget elementor-widget-text-editor\" data-id=\"2e652fd\" data-element_type=\"widget\" data-e-type=\"widget\" data-widget_type=\"text-editor.default\">\n\t\t\t\t<div class=\"elementor-widget-container\">\n\t\t\t\t\t\t\t\t\t<a href=\"mailto:hola@orioltuca.com\" target=\"_blank\" rel=\"nofollow noreferrer noopener\">HOLA@ORIOLTUCA.COM<\/a>\t\t\t\t\t\t\t\t<\/div>\n\t\t\t\t<\/div>\n\t\t\t\t\t<\/div>\n\t\t<\/div>\n\t\t\t\t\t<\/div>\n\t\t<\/section>\n\t\t\t\t<\/div>\n\t\t","protected":false},"excerpt":{"rendered":"<p>Artiste, illustrateur et muraliste, j&rsquo;ai opt\u00e9 pour une \u0153uvre qui incite \u00e0 la r\u00e9flexion sans \u00e9carter la virtuosit\u00e9 et la technique du m\u00e9tier. Je prends le dessin comme base pour l&rsquo;\u00e9laboration de mon \u0153uvre principalement \u00e0 la peinture \u00e0 l&rsquo;huile, en gravure, ainsi que pour les fresques au spray ou en partant de techniques propres [&hellip;]<\/p>\n","protected":false},"author":1,"featured_media":0,"parent":0,"menu_order":0,"comment_status":"closed","ping_status":"closed","template":"elementor_header_footer","meta":{"inline_featured_image":false,"footnotes":""},"class_list":["post-12941","page","type-page","status-publish","hentry"],"_links":{"self":[{"href":"https:\/\/orioltuca.com\/fr\/wp-json\/wp\/v2\/pages\/12941","targetHints":{"allow":["GET"]}}],"collection":[{"href":"https:\/\/orioltuca.com\/fr\/wp-json\/wp\/v2\/pages"}],"about":[{"href":"https:\/\/orioltuca.com\/fr\/wp-json\/wp\/v2\/types\/page"}],"author":[{"embeddable":true,"href":"https:\/\/orioltuca.com\/fr\/wp-json\/wp\/v2\/users\/1"}],"replies":[{"embeddable":true,"href":"https:\/\/orioltuca.com\/fr\/wp-json\/wp\/v2\/comments?post=12941"}],"version-history":[{"count":1,"href":"https:\/\/orioltuca.com\/fr\/wp-json\/wp\/v2\/pages\/12941\/revisions"}],"predecessor-version":[{"id":12942,"href":"https:\/\/orioltuca.com\/fr\/wp-json\/wp\/v2\/pages\/12941\/revisions\/12942"}],"wp:attachment":[{"href":"https:\/\/orioltuca.com\/fr\/wp-json\/wp\/v2\/media?parent=12941"}],"curies":[{"name":"wp","href":"https:\/\/api.w.org\/{rel}","templated":true}]}}